{"id":731,"date":"2014-01-06T23:53:17","date_gmt":"2014-01-06T22:53:17","guid":{"rendered":"https:\/\/www.patrickchupin.com\/?page_id=731"},"modified":"2016-12-12T09:58:02","modified_gmt":"2016-12-12T08:58:02","slug":"my-artistic-career","status":"publish","type":"page","link":"https:\/\/www.patrickchupin.com\/en\/the-artist\/my-artistic-career\/","title":{"rendered":"My artistic career"},"content":{"rendered":"<h1>My artistic career<\/h1>\n<h2>&#8211; 2013<\/h2>\n<ul>\n<li>Exposition personnelle Barcelone , Espagne<\/li>\n<li>R\u00e9am\u00e9nagement mobilier cr\u00e9ation de bas reliefs en bronze pour \u00e9glise de Br\u00e9hand<\/li>\n<li>R\u00e9alisation d&#8217;un ensemble liturgique pour l&#8217;archev\u00e8ch\u00e9 de Lille<\/li>\n<li>R\u00e9habilitation chapelle de Montmorin pr\u00e8s de Gap<\/li>\n<li>R\u00e9am\u00e9nagement Eglise de ND du ch\u00eane (orne)<\/li>\n<\/ul>\n<h2>&#8211; 2012 &#8211;<\/h2>\n<ul>\n<li>R\u00e9alisation de bas relief en bronzes pour versaille<\/li>\n<li>Tabernacle et b\u00e9nitier eglise de Flers<\/li>\n<li>Sculpture bronze Clo\u00e9<\/li>\n<li>R\u00e9alisations de 6 clices et un ciboire pour les foyer de charit\u00e9 de Tressaint<\/li>\n<li>R\u00e9alisation d&#8217;un calice en argent massif pour un pr\u00eatre.<\/li>\n<\/ul>\n<h2>&#8211; 2011 &#8211;<\/h2>\n<ul>\n<li>R\u00e9alisation de 11 Calices et pat\u00e8nes pour les fraternit\u00e9s monastique de J\u00e9rusalem, au Mont St Michel.<\/li>\n<li>Tabernacle, maison St Fran\u00e7ois, Dinard<\/li>\n<li>Sculpture en argent restauration du reliquaire ND de d\u00e9livrance Quintin (22)<\/li>\n<li>Sculpture bronze vierge et l\u2019enfant, Villeneuve d\u2019Asq (Nord)<\/li>\n<\/ul>\n<h2>&#8211; 2010 &#8211;<\/h2>\n<ul>\n<li>R\u00e9alisation de sculpture bronze pour la paroisse St Joseph Sartrouville<\/li>\n<li>Conception et r\u00e9alisation de l&#8217;autel , chandelier pour le couvent des dominicains de Montpellier<\/li>\n<li>R\u00e9alisation du tabernacle pour la chapelle St Fran\u00e7ois, Dinard<\/li>\n<\/ul>\n<h2>&#8211; 2009 &#8211;<\/h2>\n<ul>\n<li>R\u00e9alisation d\u2019un autel et chandeliers, dominicain de Montpellier<\/li>\n<li>R\u00e9alisation d\u2019un ensemble liturgique autel, tabernacle, chandeliers pour la paroisse St Laurent \u00e0 Orl\u00e9ans<\/li>\n<li>R\u00e9alisation d\u2019une croix en bronze et \u00e9mail pour Monseigneur Fruchaud \u00e9v\u00eaque de St Brieuc<\/li>\n<\/ul>\n<h2>&#8211; 2008 &#8211;<\/h2>\n<ul>\n<li>Exposition F\u00e9ron\u2019art, art sacr\u00e9 , pour la r\u00e9habilitation des lieux de culte en Europe.<\/li>\n<li>Exposition au Mont St Michel dans le cadre des 1300 ans du Mt St Michel.<\/li>\n<li>R\u00e9alisation d\u2019un ensemble liturgique pour l\u2019\u00e9glise ND St Brieuc -Exposition art centre culturel de la Glacerie( 50)<\/li>\n<\/ul>\n<h2>&#8211; 2007 &#8211;<\/h2>\n<ul>\n<li>R\u00e9alisation d\u2019une sculpture en bronze ( Christ ) pour la paroisse du Pin en Mauges.<\/li>\n<li>Exposition d\u2019art sacr\u00e9, salon religio, espace Champeret, Paris.<\/li>\n<li>R\u00e9alisation d\u2019un ensemble d\u2019objet liturgique pour la chapelle de la conf\u00e9rence des \u00e9v\u00eaques de France, rue de Breteuil, Paris.<\/li>\n<li>R\u00e9alisation de onze r\u00e9cipients en \u00e9tain (contenant le saint Chr\u00eame), pour la commission d\u2019art sacr\u00e9e de Bayeux\/ Lisieux.<\/li>\n<li>R\u00e9alisation d\u2019une croix bronze \u00e9mail et argent pour la cath\u00e9drale d\u2019Exeter (Angleterre) , commande de MRG Pican .<\/li>\n<\/ul>\n<h2>&#8211; 2006 &#8211;<\/h2>\n<ul>\n<li>R\u00e9alisation de trois bas relief en bronze pour le monast\u00e8re de \u00ab Thiensen \u00bb,au Japon.<\/li>\n<li>R\u00e9alisation d\u2019un ostensoir pour les Sr Dominicaines, monast\u00e8re de la Clart\u00e9 ND, Taulignan.<\/li>\n<li>Exposition d\u2019art sacr\u00e9 \u00e0 la trappe de Soligny.<\/li>\n<li>R\u00e9alisation d\u2019un ensemble de mobilier liturgique en fer forg\u00e9, pour l\u2019\u00e9glise st Germain de Flers.<\/li>\n<\/ul>\n<h2>&#8211; 2005 &#8211;<\/h2>\n<ul>\n<li>Exposition, salon Europ\u00e9en des arts du m\u00e9tal, Abbaye de Gruchet le valasse en Normandie<\/li>\n<li>R\u00e9alisation d\u2019\u0153uvres liturgique pour L\u2019abbatiale du Mont St Michel ostensoir, d\u2019un encensoir et d\u2019une pixide. Pour les Fr\u00e8res et S\u0153urs des fraternit\u00e9s monastiques de J\u00e9rusalem.<\/li>\n<li>R\u00e9alisation d\u2019une sculpture et d\u2019un ostensoir pour les foyers de Charit\u00e9, maison St Fran\u00e7ois, \u00e0 Dinard.<\/li>\n<li>R\u00e9alisation d\u2019objet liturgique, ostensoir, ciboire, encensoir, pour la paroisse de Sanary \/mer.<\/li>\n<\/ul>\n<h2>&#8211; 2004 &#8211;<\/h2>\n<ul>\n<li>Exposition, d\u2019art sacr\u00e9e, \u00e9glise st pierre de Montmartre, Paris.<\/li>\n<li>Exposition de sculptures, grand duch\u00e9 du Luxembourg<\/li>\n<li>Acquisition de deux \u0153uvres \u00ab femme et son enfant , et la sainte face \u00bb par la conservation nationale des antiquit\u00e9s et objet d\u2019art sacr\u00e9e de basse Normandie.<\/li>\n<\/ul>\n<h2>&#8211; 2003 &#8211;<\/h2>\n<ul>\n<li>Exposition :\n<ul>\n<li>Janvier, Centre culturel Paul XI, Fatima, Portugal.<\/li>\n<li>Mai, Congr\u00e8s international sur la nouvelle \u00e9vang\u00e9lisation, Vienne, Autriche.<\/li>\n<li>Galerie Docteur Kuhne, Vienne, Autriche.<\/li>\n<li>XXI\u00e8me Salon d\u2019art, le ch\u00eane d\u2019Antin, Paris Draveil.<\/li>\n<li>Salon de la ville de St James, Normandie, 1er prix de sculpture.<\/li>\n<\/ul>\n<\/li>\n<li>R\u00e9alisation d\u2019un reliquaire en vermeil , pour une relique secondaire de St Fran\u00e7ois d\u2019Assise.<\/li>\n<\/ul>\n<h2>&#8211; 1994-<\/h2>\n<ul>\n<li>Exposition \u00ab Visages de Lumi\u00e8res \u00ab peintures, tour st Aubin, Angers.<\/li>\n<li>Salon Curnonsky, 2\u00e8me prix de peinture, Angers.<\/li>\n<\/ul>\n","protected":false},"excerpt":{"rendered":"<p>My artistic career &#8211; 2013 Exposition personnelle Barcelone , Espagne R\u00e9am\u00e9nagement mobilier cr\u00e9ation de bas reliefs en bronze pour \u00e9glise de Br\u00e9hand R\u00e9alisation d&#8217;un ensemble liturgique pour l&#8217;archev\u00e8ch\u00e9 de Lille R\u00e9habilitation chapelle de Montmorin pr\u00e8s de Gap R\u00e9am\u00e9nagement Eglise de ND du ch\u00eane (orne) &#8211; 2012 &#8211; R\u00e9alisation de bas relief en bronzes pour versaille  [&#8230;]<\/p>\n","protected":false},"author":1,"featured_media":0,"parent":728,"menu_order":0,"comment_status":"closed","ping_status":"open","template":"side-navigation.php","meta":{"footnotes":""},"class_list":["post-731","page","type-page","status-publish","hentry"],"_links":{"self":[{"href":"https:\/\/www.patrickchupin.com\/en\/wp-json\/wp\/v2\/pages\/731","targetHints":{"allow":["GET"]}}],"collection":[{"href":"https:\/\/www.patrickchupin.com\/en\/wp-json\/wp\/v2\/pages"}],"about":[{"href":"https:\/\/www.patrickchupin.com\/en\/wp-json\/wp\/v2\/types\/page"}],"author":[{"embeddable":true,"href":"https:\/\/www.patrickchupin.com\/en\/wp-json\/wp\/v2\/users\/1"}],"replies":[{"embeddable":true,"href":"https:\/\/www.patrickchupin.com\/en\/wp-json\/wp\/v2\/comments?post=731"}],"version-history":[{"count":3,"href":"https:\/\/www.patrickchupin.com\/en\/wp-json\/wp\/v2\/pages\/731\/revisions"}],"predecessor-version":[{"id":1352,"href":"https:\/\/www.patrickchupin.com\/en\/wp-json\/wp\/v2\/pages\/731\/revisions\/1352"}],"up":[{"embeddable":true,"href":"https:\/\/www.patrickchupin.com\/en\/wp-json\/wp\/v2\/pages\/728"}],"wp:attachment":[{"href":"https:\/\/www.patrickchupin.com\/en\/wp-json\/wp\/v2\/media?parent=731"}],"curies":[{"name":"wp","href":"https:\/\/api.w.org\/{rel}","templated":true}]}}